{"id":311,"date":"2023-06-27T09:14:48","date_gmt":"2023-06-27T09:14:48","guid":{"rendered":"https:\/\/eclanguages.eu\/index.php\/aviso-legal\/"},"modified":"2023-07-10T09:50:07","modified_gmt":"2023-07-10T09:50:07","slug":"aviso-legal","status":"publish","type":"page","link":"https:\/\/eclanguages.eu\/en\/aviso-legal\/","title":{"rendered":"Legal"},"content":{"rendered":"\t\t<div data-elementor-type=\"wp-page\" data-elementor-id=\"311\" class=\"elementor elementor-311 elementor-206\" data-elementor-post-type=\"page\">\n\t\t\t\t\t\t<section class=\"elementor-section elementor-top-section elementor-element elementor-element-f91f8f0 elementor-section-boxed elementor-section-height-default elementor-section-height-default\" data-id=\"f91f8f0\" data-element_type=\"section\">\n\t\t\t\t\t\t<div class=\"elementor-container elementor-column-gap-default\">\n\t\t\t\t\t<div class=\"elementor-column elementor-col-100 elementor-top-column elementor-element elementor-element-2a9f7bd\" data-id=\"2a9f7bd\" data-element_type=\"column\">\n\t\t\t<div class=\"elementor-widget-wrap elementor-element-populated\">\n\t\t\t\t\t\t\t<\/div>\n\t\t<\/div>\n\t\t\t\t\t<\/div>\n\t\t<\/section>\n\t\t\t\t<section class=\"elementor-section elementor-top-section elementor-element elementor-element-bae169a elementor-section-boxed elementor-section-height-default elementor-section-height-default\" data-id=\"bae169a\" data-element_type=\"section\">\n\t\t\t\t\t\t<div class=\"elementor-container elementor-column-gap-default\">\n\t\t\t\t\t<div class=\"elementor-column elementor-col-100 elementor-top-column elementor-element elementor-element-d6956ac\" data-id=\"d6956ac\" data-element_type=\"column\">\n\t\t\t<div class=\"elementor-widget-wrap elementor-element-populated\">\n\t\t\t\t\t\t<div class=\"elementor-element elementor-element-4d1916f elementor-widget elementor-widget-text-editor\" data-id=\"4d1916f\" data-element_type=\"widget\" data-widget_type=\"text-editor.default\">\n\t\t\t\t<div class=\"elementor-widget-container\">\n\t\t\t\t\t\t\t\t\t<h3>Datos de la empresa<\/h3><p>En cumplimiento del art\u00edculo 10 de la Ley 34\/2002, de 11 de julio, de Servicios de la Sociedad de la Informaci\u00f3n y Comercio Electr\u00f3nico, a continuaci\u00f3n se exponen los datos identificativos de la empresa.<\/p><p>Denominaci\u00f3n Social: European Consultant-Lobby, S.L.<br \/>CIF: B62275144<br \/>Domicilio Social: Av. Corts Catalanes 9-11 \u2013 08173 de Sant Cugat del Vall\u00e8s<br \/>Tel\u00e9fono: 93 504 10 81<br \/>Direcci\u00f3n de correo electr\u00f3nico: admin@eclanguages.eu <br \/>Datos de inscripci\u00f3n en el registro mercantil: European Consultant-Lobby, S.L. \u2013 Notario: Sr Miquel Alemany i Escapa, 20 de mayo de 2000 n\u00fam. de protocolo 1311.<\/p><p>Asimismo cumplimos con la obligaci\u00f3n de poseer inscritos en el Registro correspondiente como m\u00ednimo uno de los nombres de dominio de los que somos titulares.<\/p><h3>Acceso al sitio web de ECL<\/h3><p>Este sitio web y todos sus contenidos, im\u00e1genes, textos y cualquier material (ficheros, logotipos), su estructura y dise\u00f1o, c\u00f3digo fuente en HTML o JavaScript, los programas inform\u00e1ticos necesarios para su funcionamiento, acceso y utilizaci\u00f3n, est\u00e1n protegidos por derechos de propiedad industrial e intelectual, con titularidad de ECL, o de terceros que hayan autorizado el uso de estos contenidos a ECL.<\/p><p>Todos los derechos est\u00e1n reservados. Todo acceso a este sitio web est\u00e1 sujeto a las siguientes condiciones: la reproducci\u00f3n, almacenamiento permanente y la difusi\u00f3n de los contenidos del sitio web o cualquier otro uso que tenga finalidad p\u00fablica o comercial queda expresamente prohibida sin consentimiento previo expreso y por escrito de ECL.<\/p><p>No se permite la modificaci\u00f3n del sitio web ni de sus contenidos. El usuario del sitio web deber\u00e1 abstenerse de suprimir, alterar, eludir o manipular cualquier dispositivo de protecci\u00f3n o sistemas de seguridad que puedan estar instalados en el mismo.<\/p><p>ECL no es responsable de la informaci\u00f3n que se puede obtener a trav\u00e9s de enlaces a sistemas externos.<\/p><p>Quien utiliza este sitio web lo hace por su cuenta y riesgo. ECL no garantiza que el web y el servidor est\u00e9n libres de virus y no se hace responsable de los da\u00f1os causados por el acceso al web o por la morosidad de acceder. En consecuencia, el sitio web y sus contenidos son provistos sin garant\u00edas, expresas o impl\u00edcitas, dejando claro que ni ECL, ni sus colaboradores, trabajadores o representantes ser\u00e1n responsables de cualquier error u omisi\u00f3n en los contenidos o servicios o para cualquier da\u00f1o derivado de la utilizaci\u00f3n de este sitio web, ni por cualquier actuaci\u00f3n realizada sobre la base de la informaci\u00f3n en \u00e9ste se facilita.<\/p><p>En caso de que quiera formular alguna sugerencia o comentario puede contactar con nosotros mediante un correo electr\u00f3nico a admin@eclanguages.eu o bien utilizando el formulario de contacto que se encuentra en el propio sitio web.<\/p>\t\t\t\t\t\t\t\t<\/div>\n\t\t\t\t<\/div>\n\t\t\t\t\t<\/div>\n\t\t<\/div>\n\t\t\t\t\t<\/div>\n\t\t<\/section>\n\t\t\t\t<\/div>\n\t\t","protected":false},"excerpt":{"rendered":"<p>Datos de la empresa En cumplimiento del art\u00edculo 10 de la Ley 34\/2002, de 11 de julio, de Servicios de la Sociedad de la Informaci\u00f3n y Comercio Electr\u00f3nico, a continuaci\u00f3n se exponen los datos identificativos de la empresa. Denominaci\u00f3n Social: European Consultant-Lobby, S.L.CIF: B62275144Domicilio Social: Av. Corts Catalanes 9-11 \u2013 08173 de Sant Cugat del [&hellip;]<\/p>\n","protected":false},"author":1,"featured_media":0,"parent":0,"menu_order":0,"comment_status":"closed","ping_status":"closed","template":"","meta":{"footnotes":""},"class_list":["post-311","page","type-page","status-publish","hentry"],"_links":{"self":[{"href":"https:\/\/eclanguages.eu\/en\/wp-json\/wp\/v2\/pages\/311","targetHints":{"allow":["GET"]}}],"collection":[{"href":"https:\/\/eclanguages.eu\/en\/wp-json\/wp\/v2\/pages"}],"about":[{"href":"https:\/\/eclanguages.eu\/en\/wp-json\/wp\/v2\/types\/page"}],"author":[{"embeddable":true,"href":"https:\/\/eclanguages.eu\/en\/wp-json\/wp\/v2\/users\/1"}],"replies":[{"embeddable":true,"href":"https:\/\/eclanguages.eu\/en\/wp-json\/wp\/v2\/comments?post=311"}],"version-history":[{"count":1,"href":"https:\/\/eclanguages.eu\/en\/wp-json\/wp\/v2\/pages\/311\/revisions"}],"predecessor-version":[{"id":313,"href":"https:\/\/eclanguages.eu\/en\/wp-json\/wp\/v2\/pages\/311\/revisions\/313"}],"wp:attachment":[{"href":"https:\/\/eclanguages.eu\/en\/wp-json\/wp\/v2\/media?parent=311"}],"curies":[{"name":"wp","href":"https:\/\/api.w.org\/{rel}","templated":true}]}}